{"id":14,"date":"2024-01-09T12:25:12","date_gmt":"2024-01-09T12:25:12","guid":{"rendered":"http:\/\/computadorareparacion.com\/index.php\/contact\/"},"modified":"2024-09-11T09:31:16","modified_gmt":"2024-09-11T09:31:16","slug":"contact","status":"publish","type":"page","link":"https:\/\/www.computadorareparacion.com\/index.php\/contact\/","title":{"rendered":"Contact"},"content":{"rendered":"\n<p>Para ponerse en contacto con <strong>ComputadoraReparacion.com<\/strong> en la ciudad de Nueva York, los clientes pueden comunicarse f\u00e1cilmente a trav\u00e9s de su n\u00famero de tel\u00e9fono. Puede llamar o enviar un mensaje de texto al <strong>(347) 767-5918<\/strong> para obtener informaci\u00f3n sobre servicios, presupuestos o agendar una reparaci\u00f3n. El equipo est\u00e1 disponible para atender sus consultas de manera r\u00e1pida y eficiente, asegur\u00e1ndose de que sus necesidades sean resueltas lo antes posible.<\/p>\n\n\n\n<p>Adem\u00e1s, los usuarios que prefieran escribir por correo electr\u00f3nico pueden hacerlo enviando un mensaje a <strong><a>info@computadorareparacion.com<\/a><\/strong>. Este canal es ideal para quienes necesiten hacer preguntas detalladas o adjuntar informaci\u00f3n sobre el problema de su computadora. El equipo de soporte t\u00e9cnico revisar\u00e1 los mensajes y responder\u00e1 con prontitud, proporcionando toda la informaci\u00f3n necesaria para iniciar el proceso de reparaci\u00f3n o asistencia t\u00e9cnica.<\/p>\n\n\n<div class=\"forminator-ui forminator-custom-form forminator-custom-form-61 forminator-design--default  forminator_ajax\" data-forminator-render=\"0\" data-form=\"forminator-module-61\" data-uid=\"69e375eb05ebf\"><br\/><\/div><form\n\t\t\t\tid=\"forminator-module-61\"\n\t\t\t\tclass=\"forminator-ui forminator-custom-form forminator-custom-form-61 forminator-design--default  forminator_ajax\"\n\t\t\t\tmethod=\"post\"\n\t\t\t\tdata-forminator-render=\"0\"\n\t\t\t\tdata-form-id=\"61\"\n\t\t\t\t data-color-option=\"default\" data-design=\"default\" data-grid=\"open\" style=\"display: none;\"\n\t\t\t\tdata-uid=\"69e375eb05ebf\"\n\t\t\t><div role=\"alert\" aria-live=\"polite\" class=\"forminator-response-message forminator-error\" aria-hidden=\"true\"><\/div><div class=\"forminator-row\"><div id=\"name-1\" class=\"forminator-field-name forminator-col forminator-col-12 \"><div class=\"forminator-field\"><label for=\"forminator-field-name-1_69e375eb05ebf\" id=\"forminator-field-name-1_69e375eb05ebf-label\" class=\"forminator-label\">First Name <span class=\"forminator-required\">*<\/span><\/label><input type=\"text\" name=\"name-1\" value=\"\" placeholder=\"E.g. John\" id=\"forminator-field-name-1_69e375eb05ebf\" class=\"forminator-input forminator-name--field\" aria-required=\"true\" autocomplete=\"name\" \/><\/div><\/div><\/div><div class=\"forminator-row\"><div id=\"email-1\" class=\"forminator-field-email forminator-col forminator-col-12 \"><div class=\"forminator-field\"><label for=\"forminator-field-email-1_69e375eb05ebf\" id=\"forminator-field-email-1_69e375eb05ebf-label\" class=\"forminator-label\">Email Address <span class=\"forminator-required\">*<\/span><\/label><input type=\"email\" name=\"email-1\" value=\"\" placeholder=\"E.g. john@doe.com\" id=\"forminator-field-email-1_69e375eb05ebf\" class=\"forminator-input forminator-email--field\" data-required=\"true\" aria-required=\"true\" autocomplete=\"email\" \/><\/div><\/div><\/div><div class=\"forminator-row\"><div id=\"phone-1\" class=\"forminator-field-phone forminator-col forminator-col-12 \"><div class=\"forminator-field\"><label for=\"forminator-field-phone-1_69e375eb05ebf\" id=\"forminator-field-phone-1_69e375eb05ebf-label\" class=\"forminator-label\">Phone Number<\/label><input type=\"text\" name=\"phone-1\" value=\"\" placeholder=\"E.g. +1 3004005000\" id=\"forminator-field-phone-1_69e375eb05ebf\" class=\"forminator-input forminator-field--phone\" data-required=\"\" aria-required=\"false\" autocomplete=\"off\" \/><\/div><\/div><\/div><div class=\"forminator-row\"><div id=\"textarea-1\" class=\"forminator-field-textarea forminator-col forminator-col-12 \"><div class=\"forminator-field\"><label for=\"forminator-field-textarea-1_69e375eb05ebf\" id=\"forminator-field-textarea-1_69e375eb05ebf-label\" class=\"forminator-label\">Message<\/label><textarea name=\"textarea-1\" placeholder=\"Enter your message...\" id=\"forminator-field-textarea-1_69e375eb05ebf\" class=\"forminator-textarea\" rows=\"6\" style=\"min-height:140px;\" maxlength=\"180\" ><\/textarea><span id=\"forminator-field-textarea-1_69e375eb05ebf-description\" class=\"forminator-description\"><span data-limit=\"180\" data-type=\"characters\" data-editor=\"\">0 \/ 180<\/span><\/span><\/div><\/div><\/div><input type=\"hidden\" name=\"referer_url\" value=\"\" \/><div class=\"forminator-row forminator-row-last\"><div class=\"forminator-col\"><div class=\"forminator-field\"><button class=\"forminator-button forminator-button-submit\">Send Message<\/button><\/div><\/div><\/div><input type=\"hidden\" id=\"forminator_nonce\" name=\"forminator_nonce\" value=\"94747bbc8a\" \/><input type=\"hidden\" name=\"_wp_http_referer\" value=\"\/index.php\/wp-json\/wp\/v2\/pages\/14\" \/><input type=\"hidden\" name=\"form_id\" value=\"61\"><input type=\"hidden\" name=\"page_id\" value=\"14\"><input type=\"hidden\" name=\"form_type\" value=\"default\"><input type=\"hidden\" name=\"current_url\" value=\"https:\/\/www.computadorareparacion.com\/index.php\/contact\/\"><input type=\"hidden\" name=\"render_id\" value=\"0\"><input type=\"hidden\" name=\"action\" value=\"forminator_submit_form_custom-forms\"><label for=\"input_5\" class=\"forminator-hidden\" aria-hidden=\"true\">Please do not fill in this field. <input id=\"input_5\" type=\"text\" name=\"input_5\" value=\"\" autocomplete=\"off\"><\/label><\/form>\n\n\n\n<p><\/p>\n","protected":false},"excerpt":{"rendered":"<p>Para ponerse en contacto con ComputadoraReparacion.com en la ciudad de Nueva York, los clientes pueden comunicarse f\u00e1cilmente a trav\u00e9s de su n\u00famero de tel\u00e9fono. Puede llamar o enviar un mensaje de texto al (347) 767-5918 para obtener informaci\u00f3n sobre servicios, presupuestos o agendar una reparaci\u00f3n. El equipo est\u00e1 disponible para atender sus consultas de manera&#8230;<\/p>\n","protected":false},"author":2,"featured_media":0,"parent":0,"menu_order":0,"comment_status":"closed","ping_status":"closed","template":"elementor_theme","meta":{"footnotes":""},"class_list":["post-14","page","type-page","status-publish","hentry"],"_links":{"self":[{"href":"https:\/\/www.computadorareparacion.com\/index.php\/wp-json\/wp\/v2\/pages\/14","targetHints":{"allow":["GET"]}}],"collection":[{"href":"https:\/\/www.computadorareparacion.com\/index.php\/wp-json\/wp\/v2\/pages"}],"about":[{"href":"https:\/\/www.computadorareparacion.com\/index.php\/wp-json\/wp\/v2\/types\/page"}],"author":[{"embeddable":true,"href":"https:\/\/www.computadorareparacion.com\/index.php\/wp-json\/wp\/v2\/users\/2"}],"replies":[{"embeddable":true,"href":"https:\/\/www.computadorareparacion.com\/index.php\/wp-json\/wp\/v2\/comments?post=14"}],"version-history":[{"count":2,"href":"https:\/\/www.computadorareparacion.com\/index.php\/wp-json\/wp\/v2\/pages\/14\/revisions"}],"predecessor-version":[{"id":63,"href":"https:\/\/www.computadorareparacion.com\/index.php\/wp-json\/wp\/v2\/pages\/14\/revisions\/63"}],"wp:attachment":[{"href":"https:\/\/www.computadorareparacion.com\/index.php\/wp-json\/wp\/v2\/media?parent=14"}],"curies":[{"name":"wp","href":"https:\/\/api.w.org\/{rel}","templated":true}]}}